{"id":17300,"date":"2024-04-15T16:04:47","date_gmt":"2024-04-15T15:04:47","guid":{"rendered":"https:\/\/www.ek.plus\/?page_id=17300"},"modified":"2024-04-15T16:22:10","modified_gmt":"2024-04-15T15:22:10","slug":"condiciones-de-uso-ax-wifi-by-ek","status":"publish","type":"page","link":"https:\/\/www.ek.plus\/pt\/condiciones-de-uso-ax-wifi-by-ek\/","title":{"rendered":"Condiciones de uso AX WiFi by EK"},"content":{"rendered":"<h1 style=\"color: #223666;\">Condiciones de uso AX WiFi by EK<\/h1>\n<p><strong>Actualizada en abril de 2024<\/strong><\/p>\n<p><a href=\"https:\/\/www.ek.plus\/en\/terms-of-use-for-ax-wifi-by-ek\/\"><em>Press here to view it in English<\/em><\/a><\/p>\n<p>&nbsp;<\/p>\n<p>Por favor, tome nota de este aviso legal. Al continuar utilizando <strong>AX WiFi by EK<\/strong>, usted acepta quedar sujeto a los siguientes t\u00e9rminos y condiciones:<\/p>\n<ol>\n<li>AX WiFi by EK constituye una herramienta de software dise\u00f1ada para facilitar el an\u00e1lisis de redes inal\u00e1mbricas (Wi-Fi). El equipo detr\u00e1s de AX WiFi by EK retiene todos los derechos de autor y se reserva el derecho de interpretaci\u00f3n final.<\/li>\n<li>Se considera que ha le\u00eddo detenidamente y aceptado plenamente estos t\u00e9rminos al instalar y utilizar el software de AX WiFi by EK.<\/li>\n<li>Queda prohibido el uso o la obtenci\u00f3n del c\u00f3digo fuente de AX WiFi by EK sin el consentimiento expreso del equipo responsable de AX WiFi by EK. Esto incluye acciones como la instalaci\u00f3n, copia, transmisi\u00f3n, visualizaci\u00f3n, carga y descargas ilegales, as\u00ed como cualquier m\u00e9todo no convencional (como la descompilaci\u00f3n). En caso contrario, el equipo de AX WiFi by EK tomar\u00e1 medidas legales.<\/li>\n<li>Al optar por instalar y utilizar el software de AX WiFi by EK, usted est\u00e1 autorizando al equipo de AX WiFi by EK a recopilar, mantener, procesar y utilizar la informaci\u00f3n relevante, como los c\u00f3digos de identificaci\u00f3n \u00fanicos del sistema o hardware, y los datos sobre el uso de computadoras, sistemas y software de aplicaci\u00f3n, as\u00ed como perif\u00e9ricos. Esto se realiza con el fin de mejorar los productos y servicios de AX WiFi by EK, proporcionar actualizaciones de software, soporte t\u00e9cnico y otros servicios relacionados. El equipo de AX WiFi by EK asegura que esta informaci\u00f3n no ser\u00e1 divulgada activamente a terceros.<\/li>\n<li>A menos que se acuerde expresamente lo contrario, todos los materiales e informaci\u00f3n proporcionados en AX WiFi by EK, incluidos textos, im\u00e1genes, datos, sugerencias, p\u00e1ginas web o enlaces, son propiedad del equipo de AX WiFi by EK. Aunque se hace el esfuerzo por garantizar la precisi\u00f3n, integridad, adecuaci\u00f3n y confiabilidad, el equipo no garantiza estos aspectos y renuncia expresamente a cualquier responsabilidad por errores u omisiones en dichos materiales y contenido. No se otorgan garant\u00edas expresas o impl\u00edcitas, incluidas la titularidad, la no infracci\u00f3n de derechos de terceros, la calidad y la ausencia de virus inform\u00e1ticos.<\/li>\n<li>Para acceder a las funciones avanzadas de AX WiFi by EK, es necesario validar su identidad como usuario a trav\u00e9s de la red. AX WiFi by EK debe conectarse a su servidor a trav\u00e9s de la red para verificar esta identidad. Aunque se hacen esfuerzos para garantizar conexiones estables y confiables, el equipo no garantiza la ausencia de problemas en los enlaces y plataformas de alojamiento de terceros, y declara que no ser\u00e1 responsable de ning\u00fan retraso en el uso de AX WiFi by EK debido a problemas de red.<\/li>\n<li>Los materiales e informaci\u00f3n proporcionados por AX WiFi by EK est\u00e1n destinados \u00fanicamente para operaciones y mantenimiento rutinarios de redes, como la soluci\u00f3n de problemas y la confirmaci\u00f3n del estado de la red inal\u00e1mbrica. El equipo de AX WiFi by EK no asume responsabilidad alguna por infracciones derivadas del uso de dichos materiales e informaci\u00f3n, ni asume ninguna responsabilidad legal.<\/li>\n<li>El equipo de AX WiFi by EK se reserva el derecho de modificar el software y el servidor de AX WiFi by EK sin previo aviso para adaptarse a la evoluci\u00f3n y desarrollo de AX WiFi by EK. Se recomienda a los usuarios que actualicen AX WiFi by EK con prontitud para acceder a la informaci\u00f3n m\u00e1s reciente y sincronizarla con el servidor.<\/li>\n<li>Las menciones de productos o servicios de otros equipos en AX WiFi by EK tienen como \u00fanico prop\u00f3sito proporcionar informaci\u00f3n relevante y no implican el respaldo o la recomendaci\u00f3n de dichos productos o servicios.<\/li>\n<\/ol>\n<p>&nbsp;<\/p>\n<p>&nbsp;<\/p>\n","protected":false},"excerpt":{"rendered":"<p>Condiciones de uso AX WiFi by EK Actualizada en abril de 2024 Press here to view it in English &nbsp; Por favor, tome nota de este aviso legal. Al continuar utilizando AX WiFi by EK, usted acepta quedar sujeto a los siguientes t\u00e9rminos y condiciones: AX WiFi by EK constituye una herramienta de software dise\u00f1ada &hellip; <a class=\"read-more\" href=\"https:\/\/www.ek.plus\/pt\/condiciones-de-uso-ax-wifi-by-ek\/\">Ler mais<\/a><\/p>\n","protected":false},"author":9,"featured_media":0,"parent":0,"menu_order":0,"comment_status":"closed","ping_status":"closed","template":"","meta":{"footnotes":""},"class_list":["post-17300","page","type-page","status-publish","hentry"],"yoast_head":"<!-- This site is optimized with the Yoast SEO plugin v27.4 - https:\/\/yoast.com\/product\/yoast-seo-wordpress\/ -->\n<title>Condiciones de uso AX WiFi by EK - Ekselans - OpenetICS<\/title>\n<meta name=\"robots\" content=\"index, follow, max-snippet:-1, max-image-preview:large, max-video-preview:-1\" \/>\n<link rel=\"canonical\" href=\"https:\/\/www.ek.plus\/it\/condiciones-de-uso-ax-wifi-by-ek\/\" \/>\n<meta property=\"og:locale\" content=\"pt_PT\" \/>\n<meta property=\"og:type\" content=\"article\" \/>\n<meta property=\"og:title\" content=\"Condiciones de uso AX WiFi by EK - Ekselans - OpenetICS\" \/>\n<meta property=\"og:description\" content=\"Condiciones de uso AX WiFi by EK Actualizada en abril de 2024 Press here to view it in English &nbsp; Por favor, tome nota de este aviso legal. Al continuar utilizando AX WiFi by EK, usted acepta quedar sujeto a los siguientes t\u00e9rminos y condiciones: AX WiFi by EK constituye una herramienta de software dise\u00f1ada &hellip; Ler mais\" \/>\n<meta property=\"og:url\" content=\"https:\/\/www.ek.plus\/it\/condiciones-de-uso-ax-wifi-by-ek\/\" \/>\n<meta property=\"og:site_name\" content=\"Ekselans - OpenetICS\" \/>\n<meta property=\"article:modified_time\" content=\"2024-04-15T15:22:10+00:00\" \/>\n<meta name=\"twitter:card\" content=\"summary_large_image\" \/>\n<meta name=\"twitter:label1\" content=\"Est. reading time\" \/>\n\t<meta name=\"twitter:data1\" content=\"3 minutes\" \/>\n<script type=\"application\/ld+json\" class=\"yoast-schema-graph\">{\"@context\":\"https:\\\/\\\/schema.org\",\"@graph\":[{\"@type\":\"WebPage\",\"@id\":\"https:\\\/\\\/www.ek.plus\\\/it\\\/condiciones-de-uso-ax-wifi-by-ek\\\/\",\"url\":\"https:\\\/\\\/www.ek.plus\\\/it\\\/condiciones-de-uso-ax-wifi-by-ek\\\/\",\"name\":\"Condiciones de uso AX WiFi by EK - Ekselans - OpenetICS\",\"isPartOf\":{\"@id\":\"https:\\\/\\\/www.ek.plus\\\/fr\\\/#website\"},\"datePublished\":\"2024-04-15T15:04:47+00:00\",\"dateModified\":\"2024-04-15T15:22:10+00:00\",\"breadcrumb\":{\"@id\":\"https:\\\/\\\/www.ek.plus\\\/it\\\/condiciones-de-uso-ax-wifi-by-ek\\\/#breadcrumb\"},\"inLanguage\":\"pt\",\"potentialAction\":[{\"@type\":\"ReadAction\",\"target\":[\"https:\\\/\\\/www.ek.plus\\\/it\\\/condiciones-de-uso-ax-wifi-by-ek\\\/\"]}]},{\"@type\":\"BreadcrumbList\",\"@id\":\"https:\\\/\\\/www.ek.plus\\\/it\\\/condiciones-de-uso-ax-wifi-by-ek\\\/#breadcrumb\",\"itemListElement\":[{\"@type\":\"ListItem\",\"position\":1,\"name\":\"Portada\",\"item\":\"https:\\\/\\\/www.ek.plus\\\/pt\\\/\"},{\"@type\":\"ListItem\",\"position\":2,\"name\":\"Condiciones de uso AX WiFi by EK\"}]},{\"@type\":\"WebSite\",\"@id\":\"https:\\\/\\\/www.ek.plus\\\/fr\\\/#website\",\"url\":\"https:\\\/\\\/www.ek.plus\\\/fr\\\/\",\"name\":\"Ekselans - OpenetICS\",\"description\":\"Sitio corporativo de la empresa Adaltra Iberia que comercializa sus productos y soluciones para telecomunicaciones con la marca Ekselans - OpenetICS.\",\"potentialAction\":[{\"@type\":\"SearchAction\",\"target\":{\"@type\":\"EntryPoint\",\"urlTemplate\":\"https:\\\/\\\/www.ek.plus\\\/fr\\\/?s={search_term_string}\"},\"query-input\":{\"@type\":\"PropertyValueSpecification\",\"valueRequired\":true,\"valueName\":\"search_term_string\"}}],\"inLanguage\":\"pt\"}]}<\/script>\n<!-- \/ Yoast SEO plugin. -->","yoast_head_json":{"title":"Condiciones de uso AX WiFi by EK - Ekselans - OpenetICS","robots":{"index":"index","follow":"follow","max-snippet":"max-snippet:-1","max-image-preview":"max-image-preview:large","max-video-preview":"max-video-preview:-1"},"canonical":"https:\/\/www.ek.plus\/it\/condiciones-de-uso-ax-wifi-by-ek\/","og_locale":"pt_PT","og_type":"article","og_title":"Condiciones de uso AX WiFi by EK - Ekselans - OpenetICS","og_description":"Condiciones de uso AX WiFi by EK Actualizada en abril de 2024 Press here to view it in English &nbsp; Por favor, tome nota de este aviso legal. Al continuar utilizando AX WiFi by EK, usted acepta quedar sujeto a los siguientes t\u00e9rminos y condiciones: AX WiFi by EK constituye una herramienta de software dise\u00f1ada &hellip; Ler mais","og_url":"https:\/\/www.ek.plus\/it\/condiciones-de-uso-ax-wifi-by-ek\/","og_site_name":"Ekselans - OpenetICS","article_modified_time":"2024-04-15T15:22:10+00:00","twitter_card":"summary_large_image","twitter_misc":{"Est. reading time":"3 minutes"},"schema":{"@context":"https:\/\/schema.org","@graph":[{"@type":"WebPage","@id":"https:\/\/www.ek.plus\/it\/condiciones-de-uso-ax-wifi-by-ek\/","url":"https:\/\/www.ek.plus\/it\/condiciones-de-uso-ax-wifi-by-ek\/","name":"Condiciones de uso AX WiFi by EK - Ekselans - OpenetICS","isPartOf":{"@id":"https:\/\/www.ek.plus\/fr\/#website"},"datePublished":"2024-04-15T15:04:47+00:00","dateModified":"2024-04-15T15:22:10+00:00","breadcrumb":{"@id":"https:\/\/www.ek.plus\/it\/condiciones-de-uso-ax-wifi-by-ek\/#breadcrumb"},"inLanguage":"pt","potentialAction":[{"@type":"ReadAction","target":["https:\/\/www.ek.plus\/it\/condiciones-de-uso-ax-wifi-by-ek\/"]}]},{"@type":"BreadcrumbList","@id":"https:\/\/www.ek.plus\/it\/condiciones-de-uso-ax-wifi-by-ek\/#breadcrumb","itemListElement":[{"@type":"ListItem","position":1,"name":"Portada","item":"https:\/\/www.ek.plus\/pt\/"},{"@type":"ListItem","position":2,"name":"Condiciones de uso AX WiFi by EK"}]},{"@type":"WebSite","@id":"https:\/\/www.ek.plus\/fr\/#website","url":"https:\/\/www.ek.plus\/fr\/","name":"Ekselans - OpenetICS","description":"Sitio corporativo de la empresa Adaltra Iberia que comercializa sus productos y soluciones para telecomunicaciones con la marca Ekselans - OpenetICS.","potentialAction":[{"@type":"SearchAction","target":{"@type":"EntryPoint","urlTemplate":"https:\/\/www.ek.plus\/fr\/?s={search_term_string}"},"query-input":{"@type":"PropertyValueSpecification","valueRequired":true,"valueName":"search_term_string"}}],"inLanguage":"pt"}]}},"_links":{"self":[{"href":"https:\/\/www.ek.plus\/pt\/wp-json\/wp\/v2\/pages\/17300","targetHints":{"allow":["GET"]}}],"collection":[{"href":"https:\/\/www.ek.plus\/pt\/wp-json\/wp\/v2\/pages"}],"about":[{"href":"https:\/\/www.ek.plus\/pt\/wp-json\/wp\/v2\/types\/page"}],"author":[{"embeddable":true,"href":"https:\/\/www.ek.plus\/pt\/wp-json\/wp\/v2\/users\/9"}],"replies":[{"embeddable":true,"href":"https:\/\/www.ek.plus\/pt\/wp-json\/wp\/v2\/comments?post=17300"}],"version-history":[{"count":5,"href":"https:\/\/www.ek.plus\/pt\/wp-json\/wp\/v2\/pages\/17300\/revisions"}],"predecessor-version":[{"id":17319,"href":"https:\/\/www.ek.plus\/pt\/wp-json\/wp\/v2\/pages\/17300\/revisions\/17319"}],"wp:attachment":[{"href":"https:\/\/www.ek.plus\/pt\/wp-json\/wp\/v2\/media?parent=17300"}],"curies":[{"name":"wp","href":"https:\/\/api.w.org\/{rel}","templated":true}]}}