{"id":1604,"date":"2018-12-28T16:32:24","date_gmt":"2018-12-28T15:32:24","guid":{"rendered":"https:\/\/www.ek.plus\/?page_id=1604"},"modified":"2025-12-01T12:25:25","modified_gmt":"2025-12-01T11:25:25","slug":"mentions-legales","status":"publish","type":"page","link":"https:\/\/www.ek.plus\/fr\/mentions-legales\/","title":{"rendered":"Mentions l\u00e9gales"},"content":{"rendered":"<h1 style=\"color: #223666;\">Mentions l\u00e9gales<\/h1>\n<p style=\"text-align: center;\"><strong>LOI SUR LES SERVICES DE LA SOCIETE DE L&rsquo;INFORMATION (LSSI)<\/strong><\/p>\n<p>ADALTRA IBERIA S.L.U. responsable du site Web, ci-apr\u00e8s nomm\u00e9 RESPONSABLE, met ce document \u00e0 la disposition des utilisateurs, avec lesquels il entend se conformer aux obligations pr\u00e9vues par la loi 34\/2002 du 11 juillet sur les services de la soci\u00e9t\u00e9 de l&rsquo;information et du commerce \u00e9lectronique. (LSSICE), BOE n\u00b0 166, ainsi que d&rsquo;informer tous les utilisateurs du site Web des conditions d&rsquo;utilisation.<br \/>\nToute personne qui acc\u00e8de \u00e0 ce site Web assume le r\u00f4le d&rsquo;utilisateur, s&rsquo;engageant au respect et au strict respect des dispositions \u00e9nonc\u00e9es dans les pr\u00e9sentes, ainsi que de toute autre disposition l\u00e9gale qui pourrait \u00eatre applicable.<br \/>\nADALTRA IBERIA S.L.U. se r\u00e9serve le droit de modifier tout type d&rsquo;informations pouvant appara\u00eetre sur le site Web, sans aucune obligation de donner un pr\u00e9avis ou d&rsquo;informer les utilisateurs de ces obligations, cela \u00e9tant entendu comme suffisant avec la publication sur le site internet d\u2019ADALTRA IBERIA S.L.U.<\/p>\n<p><strong>1. DONN\u00c9ES D&rsquo;IDENTIFICATION<\/strong><\/p>\n<p>Nom de domaine : www.ek.plus\/<br \/>\nNom commercial : ADALTRA<br \/>\nRaison sociale : ADALTRA IBERIA S.L.U.<br \/>\nNIF : B65660532<br \/>\nAdresse du si\u00e8ge social : AVDA.\u00a0CERDANYOLA 79-81 LOCAL C 08172 &#8211; SANT CUGAT DEL VALLES<br \/>\nT\u00e9l\u00e9phone: +34 935 83 95 43<br \/>\nCourriel: info@51.103.133.38<br \/>\nInscrit au Registre (Commercial \/ Public): Registre du Commerce de Sant Cugat del Vall\u00e9s, Barcelone, \u200b\u200btome 42822, folio 173, feuille 414367<\/p>\n<p><strong>2. DROITS DE PROPRI\u00c9T\u00c9 INTELLECTUELLE ET INDUSTRIELLE<\/strong><\/p>\n<p>Le site Web, y compris, mais sans s&rsquo;y limiter, sa programmation, son \u00e9dition, sa compilation et les autres \u00e9l\u00e9ments n\u00e9cessaires \u00e0 son fonctionnement, les conceptions, logos, textes et\/ou graphiques, sont la propri\u00e9t\u00e9 du RESPONSABLE ou, le cas \u00e9ch\u00e9ant, disposent d&rsquo;une licence ou d&rsquo;une autorisation expresse par les auteurs.\u00a0Tous les contenus du site sont d\u00fbment prot\u00e9g\u00e9s par les r\u00e9glementations de la propri\u00e9t\u00e9 intellectuelle et industrielle, ainsi que inscrits dans les registres publics correspondants.<br \/>\nQuelle que soit la finalit\u00e9 pour laquelle ils ont \u00e9t\u00e9 destin\u00e9s, la reproduction totale ou partielle, l&rsquo;utilisation, l&rsquo;exploitation, la distribution et la commercialisation, n\u00e9cessitent en tout \u00e9tat de cause l&rsquo;autorisation \u00e9crite pr\u00e9alable du RESPONSABLE.\u00a0Toute utilisation pr\u00e9alablement non autoris\u00e9e est consid\u00e9r\u00e9e comme une violation grave des droits de propri\u00e9t\u00e9 intellectuelle ou industrielle de l&rsquo;auteur.<br \/>\nLes dessins, logos, textes et\/ou graphiques ext\u00e9rieurs au RESPONSABLE et pouvant appara\u00eetre sur le site Web appartiennent \u00e0 leurs propri\u00e9taires respectifs, qui sont eux-m\u00eames responsables de toute \u00e9ventuelle controverse pouvant survenir \u00e0 leur sujet. Le RESPONSABLE autorise express\u00e9ment des tiers \u00e0 rediriger directement vers le contenu sp\u00e9cifique du site Web, et en tout cas rediriger vers le site Web principal de www.ek.plus<br \/>\nLe RESPONSABLE reconna\u00eet au profit de leurs propri\u00e9taires les droits de propri\u00e9t\u00e9 intellectuelle et industrielle correspondants, leur simple mention ou apparition sur le site Web n&rsquo;implique l&rsquo;existence d&rsquo;aucun droit ou responsabilit\u00e9 sur eux, ni n&rsquo;implique l&rsquo;approbation, le parrainage ou la recommandation de celui-ci. .<br \/>\nPour faire tout type d&rsquo;observation concernant d&rsquo;\u00e9ventuelles violations des droits de propri\u00e9t\u00e9 intellectuelle ou industrielle, ainsi que l&rsquo;un des contenus du site Web, vous pouvez le faire via l&rsquo;e-mail info@ek.plus.<\/p>\n<p><strong>3. AVIS DE NON-RESPONSABILIT\u00c9<\/strong><\/p>\n<p>Le RESPONSABLE est exon\u00e9r\u00e9 de tout type de responsabilit\u00e9 d\u00e9riv\u00e9e des informations publi\u00e9es sur son site Web \u00e0 condition que ces informations aient \u00e9t\u00e9 manipul\u00e9es ou saisies par un tiers ext\u00e9rieur \u00e0 celui-ci.<\/p>\n<p><strong>Utilisation de cookies<\/strong><\/p>\n<p>Ce site Web peut utiliser des cookies techniques (petits fichiers d&rsquo;informations que le serveur envoie \u00e0 l&rsquo;ordinateur de la personne acc\u00e9dant \u00e0 la page) pour ex\u00e9cuter certaines fonctions consid\u00e9r\u00e9es comme essentielles au bon fonctionnement et \u00e0 la visualisation du site.\u00a0Les cookies utilis\u00e9s ont, en tout \u00e9tat de cause, un caract\u00e8re temporaire, dans le seul but de rendre la navigation plus efficace, et ils disparaissent \u00e0 la fin de la session de l&rsquo;utilisateur.\u00a0En aucun cas, ces cookies eux-m\u00eames fournissent des donn\u00e9es personnelles et ne seront pas utilis\u00e9s pour la collecte de celles-ci.<br \/>\nGr\u00e2ce \u00e0 l&rsquo;utilisation de cookies, il est \u00e9galement possible que le serveur sur lequel se trouve le site Web reconnaisse le navigateur utilis\u00e9 par l&rsquo;utilisateur afin de faciliter la navigation, permettant, par exemple, l&rsquo;acc\u00e8s aux utilisateurs qui se sont d\u00e9j\u00e0 inscrits aux zones, services, promotions ou des concours qui leur sont exclusivement r\u00e9serv\u00e9s sans avoir \u00e0 s&rsquo;inscrire \u00e0 chaque visite.\u00a0Ils peuvent \u00e9galement \u00eatre utilis\u00e9s pour mesurer l&rsquo;audience, les param\u00e8tres de trafic, contr\u00f4ler la progression et le nombre d&rsquo;entr\u00e9es, etc., dans ces cas les cookies \u00e9tant techniquement dispensables mais b\u00e9n\u00e9fiques pour l&rsquo;utilisateur.\u00a0Ce site Web n&rsquo;installera pas de cookies dispensables sans le consentement pr\u00e9alable de l&rsquo;utilisateur.<br \/>\nL&rsquo;utilisateur a la possibilit\u00e9 de configurer son navigateur pour \u00eatre alert\u00e9 de la r\u00e9ception de cookies et emp\u00eacher leur installation sur son ordinateur.\u00a0Veuillez-vous r\u00e9f\u00e9rer aux instructions de votre navigateur pour plus d\u2019informations.<\/p>\n<p><strong>Politique de liens<\/strong><\/p>\n<p>\u00c0 partir du site Web, vous pouvez \u00eatre redirig\u00e9 vers du contenu provenant de sites Web tiers.\u00a0\u00c9tant donn\u00e9 que le RESPONSABLE ne peut pas toujours contr\u00f4ler le contenu publi\u00e9 par des tiers sur leurs sites Web respectifs, il n&rsquo;assume aucun type de responsabilit\u00e9 concernant ledit contenu.\u00a0Dans tous le cas, il proc\u00e8dera \u00e0 la suppression imm\u00e9diate de tout contenu qui pourrait contrevenir au droit national ou international, aux bonnes m\u0153urs ou \u00e0 l&rsquo;ordre public, en proc\u00e9dant \u00e0 la suppression imm\u00e9diate de la redirection vers ledit site Internet, en informant les autorit\u00e9s comp\u00e9tentes du contenu en question.<br \/>\nLe RESPONSABLE n&rsquo;est pas responsable des informations et contenus stock\u00e9s, \u00e0 titre d&rsquo;exemple mais sans s&rsquo;y limiter, dans les forums, chats, g\u00e9n\u00e9rateurs de blogs, commentaires, r\u00e9seaux sociaux ou tout autre moyen permettant \u00e0 des tiers de publier du contenu de mani\u00e8re ind\u00e9pendante sur le site Web du RESPONSABLE.\u00a0Cependant, et conform\u00e9ment aux dispositions des articles 11 et 16 de la LSSICE, il est mis \u00e0 la disposition de tous les utilisateurs, autorit\u00e9s et forces de s\u00e9curit\u00e9, collaborant activement au retrait ou, le cas \u00e9ch\u00e9ant, au blocage de tous les contenus susceptibles d&rsquo;affecter ou de contrevenir \u00e0 la l\u00e9gislation nationale ou internationale, les droits des tiers ou les bonnes m\u0153urs et l&rsquo;ordre public.\u00a0Dans le cas o\u00f9 l&rsquo;utilisateur consid\u00e8re qu&rsquo;il existe sur le site un contenu susceptible d&rsquo;\u00eatre susceptible de cette classification, veuillez en informer imm\u00e9diatement l\u2019administrateur du site web.<br \/>\nCe site Web a \u00e9t\u00e9 examin\u00e9 et test\u00e9 pour s&rsquo;assurer qu&rsquo;il fonctionne correctement.\u00a0En principe, un fonctionnement correct peut \u00eatre garanti 365 jours par an, 24 heures sur 24.\u00a0Cependant, le RESPONSABLE n&rsquo;exclut pas la possibilit\u00e9 de certaines erreurs de programmation, ou que des cas de force majeure, catastrophes naturelles, gr\u00e8ves ou circonstances similaires puissent survenir rendant l&rsquo;acc\u00e8s au site impossible.<\/p>\n<p><strong>Adresses IP<\/strong><\/p>\n<p>Les serveurs du site Web pourront d\u00e9tecter automatiquement l&rsquo;adresse IP et le nom de domaine utilis\u00e9s par l&rsquo;utilisateur.\u00a0Une adresse IP est un num\u00e9ro attribu\u00e9 automatiquement \u00e0 un ordinateur lorsqu&rsquo;il se connecte \u00e0 Internet.\u00a0Toutes ces informations sont enregistr\u00e9es dans un fichier d&rsquo;activit\u00e9 du serveur d\u00fbment enregistr\u00e9 qui permet le traitement ult\u00e9rieur des donn\u00e9es afin d&rsquo;obtenir uniquement des mesures statistiques permettant de conna\u00eetre le nombre d&rsquo;impressions de pages, le nombre de visites effectu\u00e9es sur les serveurs Web, l&rsquo;ordre des visites, le point d&rsquo;acc\u00e8s, etc.<\/p>\n<p><strong>4. LOI APPLICABLE ET JURIDICTION<\/strong><\/p>\n<p>Pour la r\u00e9solution de toutes les litiges ou probl\u00e8mes li\u00e9s \u00e0 ce site Web ou aux activit\u00e9s qui y sont men\u00e9es, la l\u00e9gislation espagnole sera appliqu\u00e9e, \u00e0 laquelle les parties se soumettent express\u00e9ment, \u00e9tant comp\u00e9tentes pour r\u00e9soudre tous les litiges d\u00e9riv\u00e9s ou li\u00e9s \u00e0 son utilisation les cours et tribunaux les plus proches de SANT CUGAT DEL VALLES.<\/p>\n","protected":false},"excerpt":{"rendered":"<p>Mentions l\u00e9gales LOI SUR LES SERVICES DE LA SOCIETE DE L&rsquo;INFORMATION (LSSI) ADALTRA IBERIA S.L.U. responsable du site Web, ci-apr\u00e8s nomm\u00e9 RESPONSABLE, met ce document \u00e0 la disposition des utilisateurs, avec lesquels il entend se conformer aux obligations pr\u00e9vues par la loi 34\/2002 du 11 juillet sur les services de la soci\u00e9t\u00e9 de l&rsquo;information et &hellip; <a class=\"read-more\" href=\"https:\/\/www.ek.plus\/fr\/mentions-legales\/\">Lire plus<\/a><\/p>\n","protected":false},"author":6,"featured_media":0,"parent":0,"menu_order":0,"comment_status":"closed","ping_status":"closed","template":"template-legal.php","meta":{"footnotes":""},"class_list":["post-1604","page","type-page","status-publish","hentry"],"yoast_head":"<!-- This site is optimized with the Yoast SEO plugin v27.3 - https:\/\/yoast.com\/product\/yoast-seo-wordpress\/ -->\n<title>Mentions l\u00e9gales - Ekselans - OpenetICS<\/title>\n<meta name=\"robots\" content=\"index, follow, max-snippet:-1, max-image-preview:large, max-video-preview:-1\" \/>\n<link rel=\"canonical\" href=\"https:\/\/www.ek.plus\/fr\/mentions-legales\/\" \/>\n<meta property=\"og:locale\" content=\"fr_FR\" \/>\n<meta property=\"og:type\" content=\"article\" \/>\n<meta property=\"og:title\" content=\"Mentions l\u00e9gales - Ekselans - OpenetICS\" \/>\n<meta property=\"og:description\" content=\"Mentions l\u00e9gales LOI SUR LES SERVICES DE LA SOCIETE DE L&rsquo;INFORMATION (LSSI) ADALTRA IBERIA S.L.U. responsable du site Web, ci-apr\u00e8s nomm\u00e9 RESPONSABLE, met ce document \u00e0 la disposition des utilisateurs, avec lesquels il entend se conformer aux obligations pr\u00e9vues par la loi 34\/2002 du 11 juillet sur les services de la soci\u00e9t\u00e9 de l&rsquo;information et &hellip; Lire plus\" \/>\n<meta property=\"og:url\" content=\"https:\/\/www.ek.plus\/fr\/mentions-legales\/\" \/>\n<meta property=\"og:site_name\" content=\"Ekselans - OpenetICS\" \/>\n<meta property=\"article:modified_time\" content=\"2025-12-01T11:25:25+00:00\" \/>\n<meta name=\"twitter:card\" content=\"summary_large_image\" \/>\n<meta name=\"twitter:label1\" content=\"Dur\u00e9e de lecture estim\u00e9e\" \/>\n\t<meta name=\"twitter:data1\" content=\"6 minutes\" \/>\n<script type=\"application\/ld+json\" class=\"yoast-schema-graph\">{\"@context\":\"https:\\\/\\\/schema.org\",\"@graph\":[{\"@type\":\"WebPage\",\"@id\":\"https:\\\/\\\/www.ek.plus\\\/fr\\\/mentions-legales\\\/\",\"url\":\"https:\\\/\\\/www.ek.plus\\\/fr\\\/mentions-legales\\\/\",\"name\":\"Mentions l\u00e9gales - Ekselans - OpenetICS\",\"isPartOf\":{\"@id\":\"https:\\\/\\\/www.ek.plus\\\/#website\"},\"datePublished\":\"2018-12-28T15:32:24+00:00\",\"dateModified\":\"2025-12-01T11:25:25+00:00\",\"breadcrumb\":{\"@id\":\"https:\\\/\\\/www.ek.plus\\\/fr\\\/mentions-legales\\\/#breadcrumb\"},\"inLanguage\":\"fr-FR\",\"potentialAction\":[{\"@type\":\"ReadAction\",\"target\":[\"https:\\\/\\\/www.ek.plus\\\/fr\\\/mentions-legales\\\/\"]}]},{\"@type\":\"BreadcrumbList\",\"@id\":\"https:\\\/\\\/www.ek.plus\\\/fr\\\/mentions-legales\\\/#breadcrumb\",\"itemListElement\":[{\"@type\":\"ListItem\",\"position\":1,\"name\":\"Portada\",\"item\":\"https:\\\/\\\/www.openetics.com\\\/fr\\\/\"},{\"@type\":\"ListItem\",\"position\":2,\"name\":\"Mentions l\u00e9gales\"}]},{\"@type\":\"WebSite\",\"@id\":\"https:\\\/\\\/www.ek.plus\\\/#website\",\"url\":\"https:\\\/\\\/www.ek.plus\\\/\",\"name\":\"Ekselans - OpenetICS\",\"description\":\"Sitio corporativo de la empresa Adaltra Iberia que comercializa sus productos y soluciones para telecomunicaciones con la marca Ekselans - OpenetICS.\",\"potentialAction\":[{\"@type\":\"SearchAction\",\"target\":{\"@type\":\"EntryPoint\",\"urlTemplate\":\"https:\\\/\\\/www.ek.plus\\\/?s={search_term_string}\"},\"query-input\":{\"@type\":\"PropertyValueSpecification\",\"valueRequired\":true,\"valueName\":\"search_term_string\"}}],\"inLanguage\":\"fr-FR\"}]}<\/script>\n<!-- \/ Yoast SEO plugin. -->","yoast_head_json":{"title":"Mentions l\u00e9gales - Ekselans - OpenetICS","robots":{"index":"index","follow":"follow","max-snippet":"max-snippet:-1","max-image-preview":"max-image-preview:large","max-video-preview":"max-video-preview:-1"},"canonical":"https:\/\/www.ek.plus\/fr\/mentions-legales\/","og_locale":"fr_FR","og_type":"article","og_title":"Mentions l\u00e9gales - Ekselans - OpenetICS","og_description":"Mentions l\u00e9gales LOI SUR LES SERVICES DE LA SOCIETE DE L&rsquo;INFORMATION (LSSI) ADALTRA IBERIA S.L.U. responsable du site Web, ci-apr\u00e8s nomm\u00e9 RESPONSABLE, met ce document \u00e0 la disposition des utilisateurs, avec lesquels il entend se conformer aux obligations pr\u00e9vues par la loi 34\/2002 du 11 juillet sur les services de la soci\u00e9t\u00e9 de l&rsquo;information et &hellip; Lire plus","og_url":"https:\/\/www.ek.plus\/fr\/mentions-legales\/","og_site_name":"Ekselans - OpenetICS","article_modified_time":"2025-12-01T11:25:25+00:00","twitter_card":"summary_large_image","twitter_misc":{"Dur\u00e9e de lecture estim\u00e9e":"6 minutes"},"schema":{"@context":"https:\/\/schema.org","@graph":[{"@type":"WebPage","@id":"https:\/\/www.ek.plus\/fr\/mentions-legales\/","url":"https:\/\/www.ek.plus\/fr\/mentions-legales\/","name":"Mentions l\u00e9gales - Ekselans - OpenetICS","isPartOf":{"@id":"https:\/\/www.ek.plus\/#website"},"datePublished":"2018-12-28T15:32:24+00:00","dateModified":"2025-12-01T11:25:25+00:00","breadcrumb":{"@id":"https:\/\/www.ek.plus\/fr\/mentions-legales\/#breadcrumb"},"inLanguage":"fr-FR","potentialAction":[{"@type":"ReadAction","target":["https:\/\/www.ek.plus\/fr\/mentions-legales\/"]}]},{"@type":"BreadcrumbList","@id":"https:\/\/www.ek.plus\/fr\/mentions-legales\/#breadcrumb","itemListElement":[{"@type":"ListItem","position":1,"name":"Portada","item":"https:\/\/www.openetics.com\/fr\/"},{"@type":"ListItem","position":2,"name":"Mentions l\u00e9gales"}]},{"@type":"WebSite","@id":"https:\/\/www.ek.plus\/#website","url":"https:\/\/www.ek.plus\/","name":"Ekselans - OpenetICS","description":"Sitio corporativo de la empresa Adaltra Iberia que comercializa sus productos y soluciones para telecomunicaciones con la marca Ekselans - OpenetICS.","potentialAction":[{"@type":"SearchAction","target":{"@type":"EntryPoint","urlTemplate":"https:\/\/www.ek.plus\/?s={search_term_string}"},"query-input":{"@type":"PropertyValueSpecification","valueRequired":true,"valueName":"search_term_string"}}],"inLanguage":"fr-FR"}]}},"_links":{"self":[{"href":"https:\/\/www.ek.plus\/fr\/wp-json\/wp\/v2\/pages\/1604","targetHints":{"allow":["GET"]}}],"collection":[{"href":"https:\/\/www.ek.plus\/fr\/wp-json\/wp\/v2\/pages"}],"about":[{"href":"https:\/\/www.ek.plus\/fr\/wp-json\/wp\/v2\/types\/page"}],"author":[{"embeddable":true,"href":"https:\/\/www.ek.plus\/fr\/wp-json\/wp\/v2\/users\/6"}],"replies":[{"embeddable":true,"href":"https:\/\/www.ek.plus\/fr\/wp-json\/wp\/v2\/comments?post=1604"}],"version-history":[{"count":10,"href":"https:\/\/www.ek.plus\/fr\/wp-json\/wp\/v2\/pages\/1604\/revisions"}],"predecessor-version":[{"id":25916,"href":"https:\/\/www.ek.plus\/fr\/wp-json\/wp\/v2\/pages\/1604\/revisions\/25916"}],"wp:attachment":[{"href":"https:\/\/www.ek.plus\/fr\/wp-json\/wp\/v2\/media?parent=1604"}],"curies":[{"name":"wp","href":"https:\/\/api.w.org\/{rel}","templated":true}]}}