{"id":1590,"date":"2018-12-28T16:28:41","date_gmt":"2018-12-28T15:28:41","guid":{"rendered":"https:\/\/www.ek.plus\/?page_id=1590"},"modified":"2022-08-10T10:20:26","modified_gmt":"2022-08-10T09:20:26","slug":"cookies","status":"publish","type":"page","link":"https:\/\/www.ek.plus\/fr\/cookies\/","title":{"rendered":"Politique de cookies"},"content":{"rendered":"<h1 style=\"color:#223666\">Cookies<\/h1>\n<p align=\"center\"><strong>INFORMATIONS SUR LES COOKIES<\/strong><\/p>\n<p align=\"center\">En raison de l&rsquo;entr\u00e9e en vigueur de la modification pertinente de la \u00ab\u00a0Loi sur les services de la soci\u00e9t\u00e9 de l&rsquo;information\u00a0\u00bb (LSSICE) \u00e9tablie par le d\u00e9cret royal 13\/2012, il est obligatoire d&rsquo;obtenir le consentement expr\u00e8s de l&rsquo;utilisateur de toutes les pages Web qui utilisent des cookies indispensables pour pouvoir correctement naviguer.<\/p>\n<p align=\"center\"><strong>QUE SONT LES COOKIES ?<\/strong><\/p>\n<p align=\"center\">Les cookies et autres technologies similaires telles que les objets locaux partag\u00e9s, les cookies flash ou les pixels, sont des outils utilis\u00e9s par les serveurs Web pour stocker et r\u00e9cup\u00e9rer des informations sur leurs visiteurs, ainsi que pour assurer le bon fonctionnement du site.<br \/>\nEn utilisant ces dispositifs, le serveur Web est autoris\u00e9 \u00e0 m\u00e9moriser certaines donn\u00e9es concernant l&rsquo;utilisateur, telles que ses pr\u00e9f\u00e9rences pour afficher les pages de ce serveur, son nom et son mot de passe, les produits qui l&rsquo;int\u00e9ressent le plus, etc.<\/p>\n<p align=\"center\"><strong>COOKIES AFFECTES PAR LA REGLEMENTATION ET COOKIES EXEMPTES<\/strong><\/p>\n<p align=\"center\">Selon la directive europ\u00e9enne, les cookies qui n\u00e9cessitent le consentement \u00e9clair\u00e9 de l&rsquo;utilisateur sont les cookies analytiques et ceux \u00e0 des fins publicitaire et d&rsquo;affiliation, \u00e0 l&rsquo;exception de ceux de nature technique et de ceux n\u00e9cessaires au fonctionnement du site Web ou \u00e0 la fourniture de services express\u00e9ment demand\u00e9s par l&rsquo;utilisateur.<\/p>\n<p align=\"center\"><strong>QUELS TYPES DE COOKIES EXISTENT-ILS\u00a0?<\/strong><\/p>\n<p style=\"text-align: left;\" align=\"center\">Concernant les types de cookies, il existe cinq grands groupes\u00a0:<br \/>\n\u2022 Les cookies analytiques : ils collectent des informations sur l&rsquo;utilisation faite du site.<br \/>\n\u2022 Cookies sociaux : sont ceux n\u00e9cessaires aux r\u00e9seaux sociaux externes.<br \/>\n\u2022 Cookies d&rsquo;affiliation : ils permettent de suivre les visites d&rsquo;autres sites Internet, avec lesquels le site Internet \u00e9tablit un contrat d&rsquo;affiliation (soci\u00e9t\u00e9s affili\u00e9es).<br \/>\n\u2022 Cookies publicitaires et comportementaux : ils collectent des informations sur les pr\u00e9f\u00e9rences et les choix personnels de l&rsquo;utilisateur (ciblage).<br \/>\n\u2022 Cookies techniques et fonctionnels : ils sont strictement n\u00e9cessaires \u00e0 l&rsquo;utilisation du site Internet et \u00e0 la fourniture du service souscrit.<\/p>\n<p><strong>COOKIES UTILIS\u00c9S SUR CE SITE WEB<\/strong><\/p>\n<p>\u2022 PHPSESSID : cookie technique et strictement n\u00e9cessaire qui contient l&rsquo;identifiant de la session.\u00a0Il est supprim\u00e9 \u00e0 la fermeture du navigateur.<br \/>\n\u2022 _lang : cookie technique et strictement n\u00e9cessaire qui contient la langue de la session.\u00a0Il est supprim\u00e9 \u00e0 la fermeture du navigateur.<br \/>\n\u2022 ac_cookies : cookie technique et strictement n\u00e9cessaire qui contient la valeur d&rsquo;acceptation ou non de l&rsquo;installation de cookies.\u00a0Il expire dans 1 an \u00e0 compter de la derni\u00e8re mise \u00e0 jour.<br \/>\n\u2022 _ga : cookie de Google Analytics qui active la fonction unique de contr\u00f4le des visites.\u00a0La premi\u00e8re fois qu&rsquo;un utilisateur acc\u00e8de au site Web via un navigateur, ce cookie sera install\u00e9.\u00a0Lorsque cet utilisateur revient sur le Web avec le m\u00eame navigateur, le cookie consid\u00e8rera qu&rsquo;il s&rsquo;agit du m\u00eame utilisateur.\u00a0Ce n&rsquo;est que dans le cas o\u00f9 l&rsquo;utilisateur change de navigateur qu&rsquo;il sera consid\u00e9r\u00e9 comme un autre utilisateur.\u00a0Il expire 2 ans apr\u00e8s la derni\u00e8re mise \u00e0 jour.<br \/>\n\u2022 _gat : ce cookie est associ\u00e9 \u00e0 Google Analytics Universal.\u00a0Il est utilis\u00e9 pour limiter la vitesse des requ\u00eates &#8211; en limitant la collecte de donn\u00e9es sur les sites \u00e0 fort trafic.\u00a0Expire apr\u00e8s 10 minutes.<br \/>\n\u2022 _utma : cookie de Google Analytics qui enregistre la date de la premi\u00e8re et de la derni\u00e8re visite du site Web par l&rsquo;utilisateur.\u00a0Il expire 2 ans apr\u00e8s la derni\u00e8re mise \u00e0 jour.<br \/>\n\u2022 _utmb : cookie de Google Analytics qui enregistre l&rsquo;heure d&rsquo;arriv\u00e9e sur le site.\u00a0Il expire 30 minutes apr\u00e8s la derni\u00e8re mise \u00e0 jour.<br \/>\n\u2022 _utmc : cookie de Google Analytics est utilis\u00e9 pour l&rsquo;interop\u00e9rabilit\u00e9 avec le code de suivi urchin.js.\u00a0Il est supprim\u00e9 \u00e0 la fermeture du navigateur.<br \/>\n\u2022 _utmt : cookie de Google Analytics est utilis\u00e9 pour traiter le type de demande demand\u00e9e par l&rsquo;utilisateur.\u00a0Il expire \u00e0 la fin de la session.<br \/>\n\u2022 _utmv : cookie de Google Analytics est utilis\u00e9 pour segmenter les donn\u00e9es d\u00e9mographiques.\u00a0Il expire \u00e0 la fin de la session.<br \/>\n\u2022 _utmz\u00a0: cookie de Google Analytics stocke la source du trafic ou une campagne pour expliquer comment l&rsquo;utilisateur est arriv\u00e9 sur le site Web.\u00a0Il expire 6 mois apr\u00e8s la derni\u00e8re mise \u00e0 jour.<\/p>\n<p><strong>R\u00c9VOCATION DU CONSENTEMENT \u00c0 L&rsquo;INSTALLATION DE COOKIES ET COMMENT SUPPRIMER LES COOKIES DU NAVIGATEUR<\/strong><\/p>\n<p><strong>Chrome<\/strong><\/p>\n<p>1. S\u00e9lectionnez l&rsquo;ic\u00f4ne Outils.<br \/>\n2. Cliquez sur Param\u00e8tres.<br \/>\n4. Dans la section \u00ab\u00a0Confidentialit\u00e9 et S\u00e9curit\u00e9\u00a0\u00bb, cliquez sur\u00a0\u00ab\u00a0Param\u00e8tres des sites\u00a0\u00bb.<br \/>\n\u2022 Bloquer les cookies : Cocher la case bloquer tous les cookies \u2026<br \/>\n\u2022 Ne pas autoriser de pr\u00e9charger les pages.<br \/>\n5. Cliquez sur \u00ab\u00a0Effacer les donn\u00e9es de navigation\u00a0\u00bb (vider le cache).<br \/>\n6. Fermez et red\u00e9marrez le navigateur.<br \/>\nPour plus d&rsquo;informations sur Chrome, cliquez ici\u00a0: http:\/\/support.google.com\/chrome\/answer\/95647?hl=fr<\/p>\n<p><strong>Internet Explorer.\u00a0Version 11<\/strong><\/p>\n<p>1. S\u00e9lectionnez Outils et cliquer sur \u00ab\u00a0Options Internet\u00a0\u00bb.<br \/>\n2. Dans l&rsquo;onglet G\u00e9n\u00e9ral \u00e0 la section \u00ab\u00a0Historique de navigation\u00a0\u00bb, cocher la case \u00ab\u00a0Supprimer l&rsquo;historique de navigation en quittant le navigateur\u00a0\u00bb<br \/>\n4. Puis cliquer sur l\u2019ic\u00f4ne Supprimer\u2026 et cocher la case Fichiers Internet de fichiers de site Web temporaires.<br \/>\n5. Cocher \u00e9galement la case Cookies et donn\u00e9es de sites Web.<br \/>\n6. Cliquez sur Supprimer.<br \/>\n7. Cliquez sur OK.<br \/>\n8. Fermez et red\u00e9marrez le navigateur.<br \/>\nPour plus d&rsquo;informations sur Internet Explorer, cliquez ici : http:\/\/windows.microsoft.com\/fr-419\/windows7\/how-to-manage-cookies-in-internet-explorer-9<\/p>\n<p><strong>Firefox. Version 18<\/strong><\/p>\n<p>1. S\u00e9lectionnez Firefox |\u00a0Historique |\u00a0Effacer l&rsquo;historique r\u00e9cent.<br \/>\n2. \u00c0 c\u00f4t\u00e9 de \u00ab\u00a0D\u00e9tails\u00a0\u00bb, cliquez sur la fl\u00e8che vers le bas.<br \/>\n3. Cochez les cases suivantes : Cookies, Cache, Connexions actives<br \/>\n4. \u00c0 l&rsquo;aide de l&rsquo;\u00ab Intervalle de temps pour effacer \u00bb dans le menu d\u00e9roulant, s\u00e9lectionnez Tout.<br \/>\n5. Cliquez sur Supprimer maintenant.<br \/>\n6. Fermez et red\u00e9marrez le navigateur.<br \/>\nVous pouvez accepter ou refuser les cookies individuellement dans les Pr\u00e9f\u00e9rences de Firefox, dans la section Historique disponible dans Outils &gt; Options &gt; Confidentialit\u00e9.<br \/>\nPour plus d&rsquo;informations sur Mozilla Firefox, cliquez ici : https:\/\/www.mozilla.org\/fr-fr\/privacy\/websites\/#cookies<\/p>\n<p><strong>Safari version 5.1<\/strong><\/p>\n<p>1. S\u00e9lectionnez l&rsquo;ic\u00f4ne Safari \/ Modifier |\u00a0Restaurer Safari.<br \/>\n2. Cochez les cases suivantes : Effacer l&rsquo;historique, Supprimer toutes les donn\u00e9es du site Web<br \/>\n3. Cliquez sur R\u00e9initialiser.<br \/>\n4. Fermez et red\u00e9marrez le navigateur.<br \/>\nPour plus d&rsquo;informations sur Safari, cliquez ici\u00a0: http:\/\/support.apple.com\/kb\/PH5042<\/p>\n<p><strong>Opera<\/strong><\/p>\n<p>Options &#8211; Avanc\u00e9 &#8211; Cookies.<br \/>\nLes options des cookies contr\u00f4lent la mani\u00e8re dont Opera les g\u00e8re et par cons\u00e9quence leur acceptation ou leur rejet.<br \/>\nPour plus d&rsquo;informations sur Opera, cliquez ici : https:\/\/help.opera.com\/en\/latest\/security-and-privacy\/#clearBrowsingData<\/p>\n<p><strong>Autres navigateurs<\/strong><\/p>\n<p>Consultez la documentation du navigateur que vous avez install\u00e9.<\/p>\n","protected":false},"excerpt":{"rendered":"<p>Cookies INFORMATIONS SUR LES COOKIES En raison de l&rsquo;entr\u00e9e en vigueur de la modification pertinente de la \u00ab\u00a0Loi sur les services de la soci\u00e9t\u00e9 de l&rsquo;information\u00a0\u00bb (LSSICE) \u00e9tablie par le d\u00e9cret royal 13\/2012, il est obligatoire d&rsquo;obtenir le consentement expr\u00e8s de l&rsquo;utilisateur de toutes les pages Web qui utilisent des cookies indispensables pour pouvoir correctement &hellip; <a class=\"read-more\" href=\"https:\/\/www.ek.plus\/fr\/cookies\/\">Lire plus<\/a><\/p>\n","protected":false},"author":6,"featured_media":0,"parent":0,"menu_order":0,"comment_status":"closed","ping_status":"closed","template":"template-legal.php","meta":{"footnotes":""},"class_list":["post-1590","page","type-page","status-publish","hentry"],"yoast_head":"<!-- This site is optimized with the Yoast SEO plugin v27.3 - https:\/\/yoast.com\/product\/yoast-seo-wordpress\/ -->\n<title>Politique de cookies - Ekselans - OpenetICS<\/title>\n<meta name=\"robots\" content=\"index, follow, max-snippet:-1, max-image-preview:large, max-video-preview:-1\" \/>\n<link rel=\"canonical\" href=\"https:\/\/www.openetics.com\/fr\/cookies\/\" \/>\n<meta property=\"og:locale\" content=\"fr_FR\" \/>\n<meta property=\"og:type\" content=\"article\" \/>\n<meta property=\"og:title\" content=\"Politique de cookies - Ekselans - OpenetICS\" \/>\n<meta property=\"og:description\" content=\"Cookies INFORMATIONS SUR LES COOKIES En raison de l&rsquo;entr\u00e9e en vigueur de la modification pertinente de la \u00ab\u00a0Loi sur les services de la soci\u00e9t\u00e9 de l&rsquo;information\u00a0\u00bb (LSSICE) \u00e9tablie par le d\u00e9cret royal 13\/2012, il est obligatoire d&rsquo;obtenir le consentement expr\u00e8s de l&rsquo;utilisateur de toutes les pages Web qui utilisent des cookies indispensables pour pouvoir correctement &hellip; Lire plus\" \/>\n<meta property=\"og:url\" content=\"https:\/\/www.openetics.com\/fr\/cookies\/\" \/>\n<meta property=\"og:site_name\" content=\"Ekselans - OpenetICS\" \/>\n<meta property=\"article:modified_time\" content=\"2022-08-10T09:20:26+00:00\" \/>\n<meta name=\"twitter:card\" content=\"summary_large_image\" \/>\n<meta name=\"twitter:label1\" content=\"Dur\u00e9e de lecture estim\u00e9e\" \/>\n\t<meta name=\"twitter:data1\" content=\"5 minutes\" \/>\n<script type=\"application\/ld+json\" class=\"yoast-schema-graph\">{\"@context\":\"https:\\\/\\\/schema.org\",\"@graph\":[{\"@type\":\"WebPage\",\"@id\":\"https:\\\/\\\/www.openetics.com\\\/fr\\\/cookies\\\/\",\"url\":\"https:\\\/\\\/www.openetics.com\\\/fr\\\/cookies\\\/\",\"name\":\"Politique de cookies - Ekselans - OpenetICS\",\"isPartOf\":{\"@id\":\"https:\\\/\\\/www.openetics.com\\\/#website\"},\"datePublished\":\"2018-12-28T15:28:41+00:00\",\"dateModified\":\"2022-08-10T09:20:26+00:00\",\"breadcrumb\":{\"@id\":\"https:\\\/\\\/www.openetics.com\\\/fr\\\/cookies\\\/#breadcrumb\"},\"inLanguage\":\"fr-FR\",\"potentialAction\":[{\"@type\":\"ReadAction\",\"target\":[\"https:\\\/\\\/www.openetics.com\\\/fr\\\/cookies\\\/\"]}]},{\"@type\":\"BreadcrumbList\",\"@id\":\"https:\\\/\\\/www.openetics.com\\\/fr\\\/cookies\\\/#breadcrumb\",\"itemListElement\":[{\"@type\":\"ListItem\",\"position\":1,\"name\":\"Portada\",\"item\":\"https:\\\/\\\/www.ek.plus\\\/fr\\\/\"},{\"@type\":\"ListItem\",\"position\":2,\"name\":\"Politique de cookies\"}]},{\"@type\":\"WebSite\",\"@id\":\"https:\\\/\\\/www.openetics.com\\\/#website\",\"url\":\"https:\\\/\\\/www.openetics.com\\\/\",\"name\":\"Ekselans - OpenetICS\",\"description\":\"Sitio corporativo de la empresa Adaltra Iberia que comercializa sus productos y soluciones para telecomunicaciones con la marca Ekselans - OpenetICS.\",\"potentialAction\":[{\"@type\":\"SearchAction\",\"target\":{\"@type\":\"EntryPoint\",\"urlTemplate\":\"https:\\\/\\\/www.openetics.com\\\/?s={search_term_string}\"},\"query-input\":{\"@type\":\"PropertyValueSpecification\",\"valueRequired\":true,\"valueName\":\"search_term_string\"}}],\"inLanguage\":\"fr-FR\"}]}<\/script>\n<!-- \/ Yoast SEO plugin. -->","yoast_head_json":{"title":"Politique de cookies - Ekselans - OpenetICS","robots":{"index":"index","follow":"follow","max-snippet":"max-snippet:-1","max-image-preview":"max-image-preview:large","max-video-preview":"max-video-preview:-1"},"canonical":"https:\/\/www.openetics.com\/fr\/cookies\/","og_locale":"fr_FR","og_type":"article","og_title":"Politique de cookies - Ekselans - OpenetICS","og_description":"Cookies INFORMATIONS SUR LES COOKIES En raison de l&rsquo;entr\u00e9e en vigueur de la modification pertinente de la \u00ab\u00a0Loi sur les services de la soci\u00e9t\u00e9 de l&rsquo;information\u00a0\u00bb (LSSICE) \u00e9tablie par le d\u00e9cret royal 13\/2012, il est obligatoire d&rsquo;obtenir le consentement expr\u00e8s de l&rsquo;utilisateur de toutes les pages Web qui utilisent des cookies indispensables pour pouvoir correctement &hellip; Lire plus","og_url":"https:\/\/www.openetics.com\/fr\/cookies\/","og_site_name":"Ekselans - OpenetICS","article_modified_time":"2022-08-10T09:20:26+00:00","twitter_card":"summary_large_image","twitter_misc":{"Dur\u00e9e de lecture estim\u00e9e":"5 minutes"},"schema":{"@context":"https:\/\/schema.org","@graph":[{"@type":"WebPage","@id":"https:\/\/www.openetics.com\/fr\/cookies\/","url":"https:\/\/www.openetics.com\/fr\/cookies\/","name":"Politique de cookies - Ekselans - OpenetICS","isPartOf":{"@id":"https:\/\/www.openetics.com\/#website"},"datePublished":"2018-12-28T15:28:41+00:00","dateModified":"2022-08-10T09:20:26+00:00","breadcrumb":{"@id":"https:\/\/www.openetics.com\/fr\/cookies\/#breadcrumb"},"inLanguage":"fr-FR","potentialAction":[{"@type":"ReadAction","target":["https:\/\/www.openetics.com\/fr\/cookies\/"]}]},{"@type":"BreadcrumbList","@id":"https:\/\/www.openetics.com\/fr\/cookies\/#breadcrumb","itemListElement":[{"@type":"ListItem","position":1,"name":"Portada","item":"https:\/\/www.ek.plus\/fr\/"},{"@type":"ListItem","position":2,"name":"Politique de cookies"}]},{"@type":"WebSite","@id":"https:\/\/www.openetics.com\/#website","url":"https:\/\/www.openetics.com\/","name":"Ekselans - OpenetICS","description":"Sitio corporativo de la empresa Adaltra Iberia que comercializa sus productos y soluciones para telecomunicaciones con la marca Ekselans - OpenetICS.","potentialAction":[{"@type":"SearchAction","target":{"@type":"EntryPoint","urlTemplate":"https:\/\/www.openetics.com\/?s={search_term_string}"},"query-input":{"@type":"PropertyValueSpecification","valueRequired":true,"valueName":"search_term_string"}}],"inLanguage":"fr-FR"}]}},"_links":{"self":[{"href":"https:\/\/www.ek.plus\/fr\/wp-json\/wp\/v2\/pages\/1590","targetHints":{"allow":["GET"]}}],"collection":[{"href":"https:\/\/www.ek.plus\/fr\/wp-json\/wp\/v2\/pages"}],"about":[{"href":"https:\/\/www.ek.plus\/fr\/wp-json\/wp\/v2\/types\/page"}],"author":[{"embeddable":true,"href":"https:\/\/www.ek.plus\/fr\/wp-json\/wp\/v2\/users\/6"}],"replies":[{"embeddable":true,"href":"https:\/\/www.ek.plus\/fr\/wp-json\/wp\/v2\/comments?post=1590"}],"version-history":[{"count":5,"href":"https:\/\/www.ek.plus\/fr\/wp-json\/wp\/v2\/pages\/1590\/revisions"}],"predecessor-version":[{"id":12181,"href":"https:\/\/www.ek.plus\/fr\/wp-json\/wp\/v2\/pages\/1590\/revisions\/12181"}],"wp:attachment":[{"href":"https:\/\/www.ek.plus\/fr\/wp-json\/wp\/v2\/media?parent=1590"}],"curies":[{"name":"wp","href":"https:\/\/api.w.org\/{rel}","templated":true}]}}