{"id":1588,"date":"2018-12-28T16:28:16","date_gmt":"2018-12-28T15:28:16","guid":{"rendered":"https:\/\/www.ek.plus\/?page_id=1588"},"modified":"2022-08-10T10:18:26","modified_gmt":"2022-08-10T09:18:26","slug":"politique-de-confidentialite","status":"publish","type":"page","link":"https:\/\/www.ek.plus\/fr\/politique-de-confidentialite\/","title":{"rendered":"Politique de confidentialit\u00e9"},"content":{"rendered":"<h1 style=\"color:#223666\">Politique de confidentialit\u00e9<\/h1>\n<p><strong>1. INFORMATIONS A L&rsquo;UTILISATEUR<\/strong><\/p>\n<p><strong>ITS PARTENAIRE OUTSOURCING BUSINESS SOLUTIONS, SL<\/strong> , ci-apr\u00e8s RESPONSABLE, est le responsable du traitement des donn\u00e9es personnelles de l&rsquo;utilisateur et l&rsquo;informe que ces donn\u00e9es seront trait\u00e9es conform\u00e9ment aux dispositions du r\u00e8glement (UE) 2016\/679 du 27 avril 2016 (RGDP) concernant la protection des personnes physiques \u00e0 l&rsquo;\u00e9gard du traitement des donn\u00e9es \u00e0 caract\u00e8re personnel et la libre circulation de ces donn\u00e9es, pour lesquelles les informations de traitement suivantes sont fournies:<\/p>\n<p><strong>Fin du traitement<\/strong>\u00a0: maintenir une relation commerciale avec l&rsquo;Utilisateur.\u00a0Les op\u00e9rations pr\u00e9vues pour r\u00e9aliser le traitement sont :<br \/>\n\u2022 Envoi de communications publicitaires commerciales par courrier \u00e9lectronique, fax, SMS, MMS, r\u00e9seaux sociaux ou tout autre moyen \u00e9lectronique ou physique, pr\u00e9sent ou futur, permettant les communications commerciales.\u00a0Ces communications seront faites par le RESPONSABLE et li\u00e9es \u00e0 ses produits et services, ou \u00e0 ses collaborateurs ou fournisseurs avec lesquels il a conclu un accord de promotion.\u00a0Dans ce cas, les tiers n&rsquo;auront jamais acc\u00e8s aux donn\u00e9es personnelles.<br \/>\n\u2022 R\u00e9aliser des \u00e9tudes statistiques.<br \/>\n\u2022 Traiter les commandes, les demandes ou tout type de demande formul\u00e9e par l&rsquo;utilisateur via l&rsquo;un des formulaires de contact mis \u00e0 sa disposition.<br \/>\n\u2022 Transmettre la newsletter sur le site Internet.<\/p>\n<p><strong>Base l\u00e9gale du traitement<\/strong> : consentement de l&rsquo;int\u00e9ress\u00e9.<\/p>\n<p><strong>Crit\u00e8res de conservation des donn\u00e9es<\/strong> : elles seront conserv\u00e9es aussi longtemps qu\u2019il existe un int\u00e9r\u00eat mutuel \u00e0 maintenir la fin du traitement et lorsqu&rsquo;elles ne seront plus n\u00e9cessaire \u00e0 cette fin, elles seront supprim\u00e9es avec des mesures de s\u00e9curit\u00e9 appropri\u00e9es pour garantir la pseudonymisation des donn\u00e9es ou leur destruction totale.<\/p>\n<p><strong>Communication des donn\u00e9es<\/strong> : Les donn\u00e9es ne seront pas communiqu\u00e9es \u00e0 des tiers, sauf obligation l\u00e9gale.<\/p>\n<p><strong>Droits qui entourent l&rsquo;Utilisateur<\/strong>\u00a0:<br \/>\n\u2022 Droit de retirer son consentement \u00e0 tout moment.<br \/>\n\u2022 Droit d&rsquo;acc\u00e8s, de rectification, de portabilit\u00e9 et de suppression de vos donn\u00e9es et de limitation ou d&rsquo;opposition \u00e0 leur traitement.<br \/>\n\u2022 Droit de d\u00e9poser une r\u00e9clamation aupr\u00e8s de l&rsquo;autorit\u00e9 de contr\u00f4le (www.aepd.es) si vous estimez que le traitement n&rsquo;est pas conforme \u00e0 la r\u00e9glementation en vigueur.<\/p>\n<p><strong>Coordonn\u00e9es pour exercer vos droits<\/strong> :<br \/>\nAdresse postale : ITS PARTNER OUTSOURCING BUSINESS SOLUTIONS, SL.\u00a0AVDA.\u00a0CERDANYOLA 79-81 LOCAL C 08172 &#8211; SANT CUGAT DEL VALLES (Barcelone).\u00a0Courriel : info@51.103.133.38<\/p>\n<p><strong>2. CARACT\u00c8RE OBLIGATOIRE OU FACULTATIF DES INFORMATIONS FOURNIES PAR L&rsquo;UTILISATEUR<\/strong><\/p>\n<p>Les Utilisateurs, en cochant les cases correspondantes et en saisissant les donn\u00e9es dans les champs, marqu\u00e9s d&rsquo;un ast\u00e9risque (*) dans le formulaire de contact ou pr\u00e9sent\u00e9s dans les formulaires de t\u00e9l\u00e9chargement, acceptent express\u00e9ment et librement et sans \u00e9quivoque que leurs donn\u00e9es soient n\u00e9cessaires pour r\u00e9pondre \u00e0 leur demande, par le fournisseur, l&rsquo;inclusion de donn\u00e9es dans les champs restants \u00e9tant volontaire.\u00a0L&rsquo;Utilisateur garantit que les donn\u00e9es personnelles fournies au RESPONSABLE sont v\u00e9ridiques et est responsable de communiquer toute modification de celles-ci.<br \/>\nLe RESPONSABLE informe et garantit express\u00e9ment les utilisateurs que leurs donn\u00e9es personnelles ne seront en aucun cas transf\u00e9r\u00e9es \u00e0 des tiers, et que chaque fois que vous effectuerez un transfert de donn\u00e9es personnelles, le consentement expr\u00e8s, \u00e9clair\u00e9 et sans \u00e9quivoque sera demand\u00e9 au pr\u00e9alable par les utilisateurs .Toutes les donn\u00e9es demand\u00e9es via le site Web sont obligatoires, car elles sont n\u00e9cessaires \u00e0 la fourniture d&rsquo;un service optimal \u00e0 l&rsquo;utilisateur. Dans le cas o\u00f9 toutes les donn\u00e9es ne sont pas fournies, rien ne garantit que les informations et les services fournis soient enti\u00e8rement adapt\u00e9s \u00e0 vos besoins.<\/p>\n<p><strong>3. MESURES DE S\u00c9CURIT\u00c9<\/strong><\/p>\n<p>Conform\u00e9ment aux dispositions de la r\u00e9glementation en vigueur sur la protection des donn\u00e9es personnelles, le RESPONSABLE se conforme \u00e0 toutes les dispositions de la r\u00e9glementation RGDP pour le traitement des donn\u00e9es personnelles sous sa responsabilit\u00e9, et clairement aux principes d\u00e9crits \u00e0 l&rsquo;article 5 du RGPD, pour qu&rsquo;ils soient trait\u00e9s de mani\u00e8re licite, loyale et transparente vis-\u00e0-vis de l&rsquo;int\u00e9ress\u00e9 et ad\u00e9quate, pertinente et limit\u00e9e \u00e0 ce qui est n\u00e9cessaire au regard des finalit\u00e9s pour lesquelles ils sont trait\u00e9s.<br \/>\nLe RESPONSABLE garantit avoir mis en place des politiques techniques et organisationnelles appropri\u00e9es pour appliquer les mesures de s\u00e9curit\u00e9 \u00e9tablies par le RGPD afin de prot\u00e9ger les droits et libert\u00e9s des Utilisateurs et leur a communiqu\u00e9 les informations appropri\u00e9es afin qu&rsquo;ils puissent les exercer.<\/p>\n","protected":false},"excerpt":{"rendered":"<p>Politique de confidentialit\u00e9 1. INFORMATIONS A L&rsquo;UTILISATEUR ITS PARTENAIRE OUTSOURCING BUSINESS SOLUTIONS, SL , ci-apr\u00e8s RESPONSABLE, est le responsable du traitement des donn\u00e9es personnelles de l&rsquo;utilisateur et l&rsquo;informe que ces donn\u00e9es seront trait\u00e9es conform\u00e9ment aux dispositions du r\u00e8glement (UE) 2016\/679 du 27 avril 2016 (RGDP) concernant la protection des personnes physiques \u00e0 l&rsquo;\u00e9gard du traitement &hellip; <a class=\"read-more\" href=\"https:\/\/www.ek.plus\/fr\/politique-de-confidentialite\/\">Lire plus<\/a><\/p>\n","protected":false},"author":6,"featured_media":0,"parent":0,"menu_order":0,"comment_status":"closed","ping_status":"closed","template":"template-legal.php","meta":{"footnotes":""},"class_list":["post-1588","page","type-page","status-publish","hentry"],"yoast_head":"<!-- This site is optimized with the Yoast SEO plugin v27.3 - https:\/\/yoast.com\/product\/yoast-seo-wordpress\/ -->\n<title>Politique de confidentialit\u00e9 - Ekselans - OpenetICS<\/title>\n<meta name=\"robots\" content=\"index, follow, max-snippet:-1, max-image-preview:large, max-video-preview:-1\" \/>\n<link rel=\"canonical\" href=\"https:\/\/www.ek.plus\/fr\/politique-de-confidentialite\/\" \/>\n<meta property=\"og:locale\" content=\"fr_FR\" \/>\n<meta property=\"og:type\" content=\"article\" \/>\n<meta property=\"og:title\" content=\"Politique de confidentialit\u00e9 - Ekselans - OpenetICS\" \/>\n<meta property=\"og:description\" content=\"Politique de confidentialit\u00e9 1. INFORMATIONS A L&rsquo;UTILISATEUR ITS PARTENAIRE OUTSOURCING BUSINESS SOLUTIONS, SL , ci-apr\u00e8s RESPONSABLE, est le responsable du traitement des donn\u00e9es personnelles de l&rsquo;utilisateur et l&rsquo;informe que ces donn\u00e9es seront trait\u00e9es conform\u00e9ment aux dispositions du r\u00e8glement (UE) 2016\/679 du 27 avril 2016 (RGDP) concernant la protection des personnes physiques \u00e0 l&rsquo;\u00e9gard du traitement &hellip; Lire plus\" \/>\n<meta property=\"og:url\" content=\"https:\/\/www.ek.plus\/fr\/politique-de-confidentialite\/\" \/>\n<meta property=\"og:site_name\" content=\"Ekselans - OpenetICS\" \/>\n<meta property=\"article:modified_time\" content=\"2022-08-10T09:18:26+00:00\" \/>\n<meta name=\"twitter:card\" content=\"summary_large_image\" \/>\n<meta name=\"twitter:label1\" content=\"Dur\u00e9e de lecture estim\u00e9e\" \/>\n\t<meta name=\"twitter:data1\" content=\"4 minutes\" \/>\n<script type=\"application\/ld+json\" class=\"yoast-schema-graph\">{\"@context\":\"https:\\\/\\\/schema.org\",\"@graph\":[{\"@type\":\"WebPage\",\"@id\":\"https:\\\/\\\/www.ek.plus\\\/fr\\\/politique-de-confidentialite\\\/\",\"url\":\"https:\\\/\\\/www.ek.plus\\\/fr\\\/politique-de-confidentialite\\\/\",\"name\":\"Politique de confidentialit\u00e9 - Ekselans - OpenetICS\",\"isPartOf\":{\"@id\":\"https:\\\/\\\/www.ek.plus\\\/#website\"},\"datePublished\":\"2018-12-28T15:28:16+00:00\",\"dateModified\":\"2022-08-10T09:18:26+00:00\",\"breadcrumb\":{\"@id\":\"https:\\\/\\\/www.ek.plus\\\/fr\\\/politique-de-confidentialite\\\/#breadcrumb\"},\"inLanguage\":\"fr-FR\",\"potentialAction\":[{\"@type\":\"ReadAction\",\"target\":[\"https:\\\/\\\/www.ek.plus\\\/fr\\\/politique-de-confidentialite\\\/\"]}]},{\"@type\":\"BreadcrumbList\",\"@id\":\"https:\\\/\\\/www.ek.plus\\\/fr\\\/politique-de-confidentialite\\\/#breadcrumb\",\"itemListElement\":[{\"@type\":\"ListItem\",\"position\":1,\"name\":\"Portada\",\"item\":\"https:\\\/\\\/www.openetics.com\\\/fr\\\/\"},{\"@type\":\"ListItem\",\"position\":2,\"name\":\"Politique de confidentialit\u00e9\"}]},{\"@type\":\"WebSite\",\"@id\":\"https:\\\/\\\/www.ek.plus\\\/#website\",\"url\":\"https:\\\/\\\/www.ek.plus\\\/\",\"name\":\"Ekselans - OpenetICS\",\"description\":\"Sitio corporativo de la empresa Adaltra Iberia que comercializa sus productos y soluciones para telecomunicaciones con la marca Ekselans - OpenetICS.\",\"potentialAction\":[{\"@type\":\"SearchAction\",\"target\":{\"@type\":\"EntryPoint\",\"urlTemplate\":\"https:\\\/\\\/www.ek.plus\\\/?s={search_term_string}\"},\"query-input\":{\"@type\":\"PropertyValueSpecification\",\"valueRequired\":true,\"valueName\":\"search_term_string\"}}],\"inLanguage\":\"fr-FR\"}]}<\/script>\n<!-- \/ Yoast SEO plugin. -->","yoast_head_json":{"title":"Politique de confidentialit\u00e9 - Ekselans - OpenetICS","robots":{"index":"index","follow":"follow","max-snippet":"max-snippet:-1","max-image-preview":"max-image-preview:large","max-video-preview":"max-video-preview:-1"},"canonical":"https:\/\/www.ek.plus\/fr\/politique-de-confidentialite\/","og_locale":"fr_FR","og_type":"article","og_title":"Politique de confidentialit\u00e9 - Ekselans - OpenetICS","og_description":"Politique de confidentialit\u00e9 1. INFORMATIONS A L&rsquo;UTILISATEUR ITS PARTENAIRE OUTSOURCING BUSINESS SOLUTIONS, SL , ci-apr\u00e8s RESPONSABLE, est le responsable du traitement des donn\u00e9es personnelles de l&rsquo;utilisateur et l&rsquo;informe que ces donn\u00e9es seront trait\u00e9es conform\u00e9ment aux dispositions du r\u00e8glement (UE) 2016\/679 du 27 avril 2016 (RGDP) concernant la protection des personnes physiques \u00e0 l&rsquo;\u00e9gard du traitement &hellip; Lire plus","og_url":"https:\/\/www.ek.plus\/fr\/politique-de-confidentialite\/","og_site_name":"Ekselans - OpenetICS","article_modified_time":"2022-08-10T09:18:26+00:00","twitter_card":"summary_large_image","twitter_misc":{"Dur\u00e9e de lecture estim\u00e9e":"4 minutes"},"schema":{"@context":"https:\/\/schema.org","@graph":[{"@type":"WebPage","@id":"https:\/\/www.ek.plus\/fr\/politique-de-confidentialite\/","url":"https:\/\/www.ek.plus\/fr\/politique-de-confidentialite\/","name":"Politique de confidentialit\u00e9 - Ekselans - OpenetICS","isPartOf":{"@id":"https:\/\/www.ek.plus\/#website"},"datePublished":"2018-12-28T15:28:16+00:00","dateModified":"2022-08-10T09:18:26+00:00","breadcrumb":{"@id":"https:\/\/www.ek.plus\/fr\/politique-de-confidentialite\/#breadcrumb"},"inLanguage":"fr-FR","potentialAction":[{"@type":"ReadAction","target":["https:\/\/www.ek.plus\/fr\/politique-de-confidentialite\/"]}]},{"@type":"BreadcrumbList","@id":"https:\/\/www.ek.plus\/fr\/politique-de-confidentialite\/#breadcrumb","itemListElement":[{"@type":"ListItem","position":1,"name":"Portada","item":"https:\/\/www.openetics.com\/fr\/"},{"@type":"ListItem","position":2,"name":"Politique de confidentialit\u00e9"}]},{"@type":"WebSite","@id":"https:\/\/www.ek.plus\/#website","url":"https:\/\/www.ek.plus\/","name":"Ekselans - OpenetICS","description":"Sitio corporativo de la empresa Adaltra Iberia que comercializa sus productos y soluciones para telecomunicaciones con la marca Ekselans - OpenetICS.","potentialAction":[{"@type":"SearchAction","target":{"@type":"EntryPoint","urlTemplate":"https:\/\/www.ek.plus\/?s={search_term_string}"},"query-input":{"@type":"PropertyValueSpecification","valueRequired":true,"valueName":"search_term_string"}}],"inLanguage":"fr-FR"}]}},"_links":{"self":[{"href":"https:\/\/www.ek.plus\/fr\/wp-json\/wp\/v2\/pages\/1588","targetHints":{"allow":["GET"]}}],"collection":[{"href":"https:\/\/www.ek.plus\/fr\/wp-json\/wp\/v2\/pages"}],"about":[{"href":"https:\/\/www.ek.plus\/fr\/wp-json\/wp\/v2\/types\/page"}],"author":[{"embeddable":true,"href":"https:\/\/www.ek.plus\/fr\/wp-json\/wp\/v2\/users\/6"}],"replies":[{"embeddable":true,"href":"https:\/\/www.ek.plus\/fr\/wp-json\/wp\/v2\/comments?post=1588"}],"version-history":[{"count":5,"href":"https:\/\/www.ek.plus\/fr\/wp-json\/wp\/v2\/pages\/1588\/revisions"}],"predecessor-version":[{"id":12174,"href":"https:\/\/www.ek.plus\/fr\/wp-json\/wp\/v2\/pages\/1588\/revisions\/12174"}],"wp:attachment":[{"href":"https:\/\/www.ek.plus\/fr\/wp-json\/wp\/v2\/media?parent=1588"}],"curies":[{"name":"wp","href":"https:\/\/api.w.org\/{rel}","templated":true}]}}